{"id":93,"date":"2018-11-06T17:02:59","date_gmt":"2018-11-06T16:02:59","guid":{"rendered":"http:\/\/arnoclaire.com\/?page_id=93"},"modified":"2019-09-27T12:32:56","modified_gmt":"2019-09-27T10:32:56","slug":"133-rue-championnet","status":"publish","type":"page","link":"https:\/\/arnoclaire.com\/?page_id=93","title":{"rendered":"133 rue Championnet"},"content":{"rendered":"<p>[et_pb_section fb_built=\u00a0\u00bb1&Prime; _builder_version=\u00a0\u00bb3.22.7&Prime; background_color=\u00a0\u00bb#f4f4f4&Prime;][et_pb_row custom_padding=\u00a0\u00bb||6px|||\u00a0\u00bb custom_margin=\u00a0\u00bb|auto|-35px|auto||\u00a0\u00bb _builder_version=\u00a0\u00bb3.22.7&Prime;][et_pb_column type=\u00a0\u00bb4_4&Prime; _builder_version=\u00a0\u00bb3.22.7&Prime;][et_pb_text _builder_version=\u00a0\u00bb3.22.7&Prime; custom_padding=\u00a0\u00bb||6px|||\u00a0\u00bb]<\/p>\n<h1 style=\"text-align: center;\"><strong>133 RUE CHAMPIONNET<\/strong><\/h1>\n<p>&nbsp;<\/p>\n<p>Durant une ann\u00e9e, je me suis rendu r\u00e9guli\u00e8rement dans un salon de coiffure tenu par Nathalie, une ivoirienne, situ\u00e9 au 133 rue Championnet dans le 18<sup>\u00e8me<\/sup> arrondissement \u00e0 Paris. Apr\u00e8s quelques h\u00e9sitations, j\u2019ai fini par trouver ma place au sein de ce lieu intime.<\/p>\n<p>Le salon n\u2019\u00e9tait pas bien grand et chaque nouvel arrivant m\u2019obligeait \u00e0 un d\u00e9placement. J\u2019ai vu (et entendu\u00a0!) pas mal de choses au cours de mon ann\u00e9e de travail. J\u2019en ai manqu\u00e9 beaucoup d\u2019autres. Ces photographies forment le r\u00e9cit de cette exp\u00e9rience, de ce lien t\u00e9nu qui nous a r\u00e9unit Nathalie, moi et toutes les personnes crois\u00e9es au cours de ces quelques apr\u00e8s-midi.<\/p>\n<p><em style=\"font-size: 14px;\">Les photographies ci-apr\u00e8s ont \u00e9t\u00e9 publi\u00e9es dans le livre <\/em><span style=\"font-size: 14px;\">Africaine Queen<\/span><em style=\"font-size: 14px;\"> rassemblant les \u00e9pisodes du feuilleton \u00e9crit par Sylvain Prudhomme sur les salons de coiffure africains du quartier de Ch\u00e2teau d\u2019eau \u00e0 Paris, initialement parus dans le journal <\/em><span style=\"font-size: 14px;\">Le Tigre<\/span><em style=\"font-size: 14px;\"> entre f\u00e9vrier et mai 2010.<\/em><\/p>\n<p>[\/et_pb_text][\/et_pb_column][\/et_pb_row][et_pb_row _builder_version=\u00a0\u00bb3.24&Prime;][et_pb_column type=\u00a0\u00bb4_4&Prime; _builder_version=\u00a0\u00bb3.24&Prime;][et_pb_button button_text=\u00a0\u00bbVoir la s\u00e9rie\u00a0\u00bb _builder_version=\u00a0\u00bb3.24&Prime; button_url=\u00a0\u00bbhttp:\/\/arnoclaire.com\/?page_id=426&Prime; custom_margin=\u00a0\u00bb79px|||||\u00a0\u00bb button_alignment=\u00a0\u00bbcenter\u00a0\u00bb][\/et_pb_button][\/et_pb_column][\/et_pb_row][\/et_pb_section]<\/p>\n","protected":false},"excerpt":{"rendered":"<p>133 RUE CHAMPIONNET &nbsp; Durant une ann\u00e9e, je me suis rendu r\u00e9guli\u00e8rement dans un salon de coiffure tenu par Nathalie, une ivoirienne, situ\u00e9 au 133 rue Championnet dans le 18\u00e8me arrondissement \u00e0 Paris. Apr\u00e8s quelques h\u00e9sitations, j\u2019ai fini par trouver ma place au sein de ce lieu intime. Le salon n\u2019\u00e9tait pas bien grand et [&hellip;]<\/p>\n","protected":false},"author":1,"featured_media":0,"parent":0,"menu_order":0,"comment_status":"closed","ping_status":"closed","template":"","meta":{"_et_pb_use_builder":"on","_et_pb_old_content":"","_et_gb_content_width":"","footnotes":""},"class_list":["post-93","page","type-page","status-publish","hentry"],"_links":{"self":[{"href":"https:\/\/arnoclaire.com\/index.php?rest_route=\/wp\/v2\/pages\/93","targetHints":{"allow":["GET"]}}],"collection":[{"href":"https:\/\/arnoclaire.com\/index.php?rest_route=\/wp\/v2\/pages"}],"about":[{"href":"https:\/\/arnoclaire.com\/index.php?rest_route=\/wp\/v2\/types\/page"}],"author":[{"embeddable":true,"href":"https:\/\/arnoclaire.com\/index.php?rest_route=\/wp\/v2\/users\/1"}],"replies":[{"embeddable":true,"href":"https:\/\/arnoclaire.com\/index.php?rest_route=%2Fwp%2Fv2%2Fcomments&post=93"}],"version-history":[{"count":10,"href":"https:\/\/arnoclaire.com\/index.php?rest_route=\/wp\/v2\/pages\/93\/revisions"}],"predecessor-version":[{"id":651,"href":"https:\/\/arnoclaire.com\/index.php?rest_route=\/wp\/v2\/pages\/93\/revisions\/651"}],"wp:attachment":[{"href":"https:\/\/arnoclaire.com\/index.php?rest_route=%2Fwp%2Fv2%2Fmedia&parent=93"}],"curies":[{"name":"wp","href":"https:\/\/api.w.org\/{rel}","templated":true}]}}