{"id":262,"date":"2019-05-21T16:52:02","date_gmt":"2019-05-21T14:52:02","guid":{"rendered":"http:\/\/arnoclaire.com\/?page_id=262"},"modified":"2019-08-06T21:32:23","modified_gmt":"2019-08-06T19:32:23","slug":"okauto","status":"publish","type":"page","link":"https:\/\/arnoclaire.com\/?page_id=262","title":{"rendered":"MUTATIS MUTANDIS"},"content":{"rendered":"<p>[et_pb_section fb_built=\u00a0\u00bb1&Prime; _builder_version=\u00a0\u00bb3.22.7&Prime; background_color=\u00a0\u00bb#efefef\u00a0\u00bb custom_padding=\u00a0\u00bb||12px|||\u00a0\u00bb][et_pb_row custom_margin=\u00a0\u00bb|auto|59px|auto||\u00a0\u00bb _builder_version=\u00a0\u00bb3.22.7&Prime;][et_pb_column type=\u00a0\u00bb4_4&Prime; _builder_version=\u00a0\u00bb3.22.7&Prime;][et_pb_text _builder_version=\u00a0\u00bb3.24.1&Prime; custom_padding=\u00a0\u00bb||6px|||\u00a0\u00bb]<\/p>\n<h1 style=\"text-align: center;\"><em><strong>MUTATIS MUTANDIS<\/strong><\/em><\/h1>\n<p>&nbsp;<\/p>\n<p style=\"text-align: justify;\">Mon travail photographique sur le salon de coiffure termin\u00e9 (<em>133 rue Championnet<\/em>), j\u2019avais envisag\u00e9 de faire une exposition sur place pour montrer mes photographies \u00e0 Nathalie et \u00e0 ses clientes. Lorsque je suis arriv\u00e9 au salon afin de lui soumettre mon id\u00e9e, celui-ci avait chang\u00e9 de nom et Nathalie \u00e9tait partie travailler ailleurs dans Paris. Les conditions d\u2019exposition de mon travail n\u2019\u00e9tant plus r\u00e9unies, il me fallait imaginer autre chose. J\u2019ai commenc\u00e9 par rassembler les images qui m\u2019avaient accompagn\u00e9 tout au long de ce projet pour ensuite les r\u00e9assembler dans des collages. Photocopi\u00e9s et d\u00e9coup\u00e9s, ces collages sont venus recouvrir les photographies publi\u00e9es dans le livre <em>Africaine Queen<\/em>.<\/p>\n<p>[\/et_pb_text][\/et_pb_column][\/et_pb_row][et_pb_row custom_margin=\u00a0\u00bb-25px|auto||auto||\u00a0\u00bb _builder_version=\u00a0\u00bb3.24&Prime;][et_pb_column type=\u00a0\u00bb1_5&Prime; _builder_version=\u00a0\u00bb3.24&Prime;][\/et_pb_column][et_pb_column type=\u00a0\u00bb1_5&Prime; _builder_version=\u00a0\u00bb3.24&Prime;][\/et_pb_column][et_pb_column type=\u00a0\u00bb1_5&Prime; _builder_version=\u00a0\u00bb3.24&Prime;][et_pb_button button_url=\u00a0\u00bbhttp:\/\/arnoclaire.com\/?page_id=419&Prime; button_text=\u00a0\u00bbVoir la s\u00e9rie\u00a0\u00bb _builder_version=\u00a0\u00bb3.24.1&Prime; custom_button=\u00a0\u00bbon\u00a0\u00bb button_text_size=\u00a0\u00bb18px\u00a0\u00bb button_bg_color=\u00a0\u00bb#efefef\u00a0\u00bb button_border_width=\u00a0\u00bb2px\u00a0\u00bb button_border_radius=\u00a0\u00bb0px\u00a0\u00bb button_font=\u00a0\u00bb||||||||\u00a0\u00bb][\/et_pb_button][\/et_pb_column][et_pb_column type=\u00a0\u00bb1_5&Prime; _builder_version=\u00a0\u00bb3.24&Prime;][\/et_pb_column][et_pb_column type=\u00a0\u00bb1_5&Prime; _builder_version=\u00a0\u00bb3.24&Prime;][\/et_pb_column][\/et_pb_row][\/et_pb_section]<\/p>\n","protected":false},"excerpt":{"rendered":"<p>MUTATIS MUTANDIS &nbsp; Mon travail photographique sur le salon de coiffure termin\u00e9 (133 rue Championnet), j\u2019avais envisag\u00e9 de faire une exposition sur place pour montrer mes photographies \u00e0 Nathalie et \u00e0 ses clientes. Lorsque je suis arriv\u00e9 au salon afin de lui soumettre mon id\u00e9e, celui-ci avait chang\u00e9 de nom et Nathalie \u00e9tait partie travailler [&hellip;]<\/p>\n","protected":false},"author":1,"featured_media":0,"parent":0,"menu_order":0,"comment_status":"closed","ping_status":"closed","template":"","meta":{"_et_pb_use_builder":"on","_et_pb_old_content":"","_et_gb_content_width":"","footnotes":""},"class_list":["post-262","page","type-page","status-publish","hentry"],"_links":{"self":[{"href":"https:\/\/arnoclaire.com\/index.php?rest_route=\/wp\/v2\/pages\/262","targetHints":{"allow":["GET"]}}],"collection":[{"href":"https:\/\/arnoclaire.com\/index.php?rest_route=\/wp\/v2\/pages"}],"about":[{"href":"https:\/\/arnoclaire.com\/index.php?rest_route=\/wp\/v2\/types\/page"}],"author":[{"embeddable":true,"href":"https:\/\/arnoclaire.com\/index.php?rest_route=\/wp\/v2\/users\/1"}],"replies":[{"embeddable":true,"href":"https:\/\/arnoclaire.com\/index.php?rest_route=%2Fwp%2Fv2%2Fcomments&post=262"}],"version-history":[{"count":12,"href":"https:\/\/arnoclaire.com\/index.php?rest_route=\/wp\/v2\/pages\/262\/revisions"}],"predecessor-version":[{"id":642,"href":"https:\/\/arnoclaire.com\/index.php?rest_route=\/wp\/v2\/pages\/262\/revisions\/642"}],"wp:attachment":[{"href":"https:\/\/arnoclaire.com\/index.php?rest_route=%2Fwp%2Fv2%2Fmedia&parent=262"}],"curies":[{"name":"wp","href":"https:\/\/api.w.org\/{rel}","templated":true}]}}